{"id":109,"date":"2023-04-03T19:45:30","date_gmt":"2023-04-03T19:45:30","guid":{"rendered":"https:\/\/www.slehkosti.cz\/?page_id=109"},"modified":"2025-10-01T07:58:30","modified_gmt":"2025-10-01T07:58:30","slug":"o-mne","status":"publish","type":"page","link":"https:\/\/www.slehkosti.cz\/?page_id=109","title":{"rendered":"O mn\u011b"},"content":{"rendered":"\n<div class=\"wp-block-columns is-layout-flex wp-container-core-columns-is-layout-9d6595d7 wp-block-columns-is-layout-flex\">\n<div class=\"wp-block-column is-layout-flow wp-block-column-is-layout-flow\">\n<p><strong>Kdo jsem, co m\u011b formovalo, co nab\u00edz\u00edm. Bez kli\u0161\u00e9, ale srdcem.<\/strong> <\/p>\n\n\n\n<figure class=\"wp-block-image size-large\"><img loading=\"lazy\" decoding=\"async\" width=\"1024\" height=\"683\" src=\"http:\/\/www.slehkosti.cz\/wp-content\/uploads\/2025\/10\/IMG_8612_zmensen-1024x683.jpg\" alt=\"\" class=\"wp-image-313\" srcset=\"https:\/\/www.slehkosti.cz\/wp-content\/uploads\/2025\/10\/IMG_8612_zmensen-1024x683.jpg 1024w, https:\/\/www.slehkosti.cz\/wp-content\/uploads\/2025\/10\/IMG_8612_zmensen-300x200.jpg 300w, https:\/\/www.slehkosti.cz\/wp-content\/uploads\/2025\/10\/IMG_8612_zmensen-768x512.jpg 768w, https:\/\/www.slehkosti.cz\/wp-content\/uploads\/2025\/10\/IMG_8612_zmensen-1536x1024.jpg 1536w, https:\/\/www.slehkosti.cz\/wp-content\/uploads\/2025\/10\/IMG_8612_zmensen-2048x1365.jpg 2048w\" sizes=\"auto, (max-width: 1024px) 100vw, 1024px\" \/><\/figure>\n\n\n\n<p><\/p>\n\n\n\n<p>\u017dila jsem \u017eivot, jak\u00fd jsem \u201em\u011bla\u201c. A pak ten, jak\u00fd <strong>mi d\u00e1v\u00e1 smysl<\/strong>.<br>U\u010d\u00edm se nechat se v\u00e9st, m\u00edsto kontrolovat. A v tom doprov\u00e1z\u00edm i ostatn\u00ed.<br>V\u011b\u0159\u00edm v dotek, kter\u00fd <strong>nen\u00ed technika, ale stav v\u011bdom\u00e9 p\u0159\u00edtomnosti.<\/strong><br>A taky v humor, nahotu, ticho, autentick\u00e9 vztahy a ob\u010das i po\u0159\u00e1dn\u00fd chaos.<\/p>\n\n\n\n<p><em><strong>Jsem \u017eena, kter\u00e1 se rozhodla vz\u00edt \u017eivot do sv\u00fdch rukou a za\u010d\u00edt jej tvo\u0159it ke sv\u00e9 spokojenosti. <\/strong><\/em>Ne ke spokojenosti ostatn\u00edch. Poch\u00e1z\u00edm z Ostravy. Neboj\u00edm se mluvit sprost\u011b, kdy\u017e je pot\u0159eba a neboj\u00edm se naopak chovat na \u00farovni, kdy\u017e je to t\u0159eba. U\u017e\u00edv\u00e1m si v\u0161echny sv\u00e9 polohy. Od mrchy a\u017e po laskavou \u017eenu.<strong><em> Jsem svobodn\u00e1 bytost a za sv\u00e9 chyby se nebi\u010duju<\/em><\/strong>. Jak jinak bych do\u0161la tam, kde jsem te\u010f ne\u017e metodou pokus\/omyl?<\/p>\n\n\n\n<p><strong><em>A p\u0159edt\u00edm, ne\u017e jsem j\u00e1 byla j\u00e1<\/em>&#8230;<\/strong> bylo spousta bolesti a n\u011bkolik odchod\u016f ze vztah\u016f, kter\u00e9 jsem d\u0159\u00edve vn\u00edmala jako v\u011bzen\u00ed a pro kter\u00e9 jsem vyd\u00e1vala velk\u00e9 mno\u017estv\u00ed energie a k ni\u010demu to nevedlo \u2013 \u010d\u00edm v\u00edc jsem se sna\u017eila, t\u00edm m\u00e9n\u011b to fungovalo. Uv\u011bdomila jsem si, \u017ee mohu \u017e\u00edt \u017eivot sv\u00fdch sn\u016f, \u017ee mohu b\u00fdt \u0161\u0165astn\u00e1 jen pokud se vyd\u00e1m svou cestou. A po p\u00e1r fack\u00e1ch, na kter\u00e9 jsem nesly\u0161ela, p\u0159i\u0161el kopanec do zadele a mi (kone\u010dn\u011b) do\u0161lo, \u017ee bu\u010f odejdu, nebo um\u0159u &#8211; na jak\u00e9koliv rovin\u011b.<\/p>\n\n\n\n<p><em><strong>Vyzkou\u0161ela jsem si, jak\u00e9 to b\u00fdt sama sebou.<\/strong><\/em> A tak n\u011bjak pl\u00ed\u017eiv\u011b se mi to za\u010dalo hodn\u011b l\u00edbit! C\u00edtit se svobodn\u00e1 v \u017eivot\u011b i ve vlastn\u00edm t\u011ble. Za\u010d\u00edt sv\u00e9 t\u011blo respektovat a p\u0159estat potla\u010dovat co mi \u0159\u00edk\u00e1 \u2013 t\u0159eba jestli a kdy se stravuji dob\u0159e\/\u0161patn\u011b. Vn\u00edmat s k\u00fdm re\u00e1ln\u011b tr\u00e1v\u00edm sv\u016fj \u010das a s k\u00fdm ho opravdu tr\u00e1vit chci. <strong><em>Jestli \u017eiju tak, jak bych si p\u0159\u00e1la, nebo jak si p\u0159eje n\u011bkdo jin\u00fd. <\/em><\/strong>Jestli d\u011bl\u00e1m n\u011bco proto\u017ee mus\u00edm\/nem\u00e1m na vybranou (opravdu jsem nem\u011bla???), nebo proto\u017ee chci a d\u011bl\u00e1 mi to radost.<strong><em> I ve chv\u00edl\u00edch, kdy to stoj\u00ed za hovno, bych nem\u011bnila za v\u0161echny zd\u00e1nliv\u00e9 jistoty, tepl\u00ed\u010dka a smr\u00e1de\u010dky<\/em><\/strong>, kter\u00e9 jsem pro tuhle svou hodnotu opustila.<\/p>\n\n\n\n<p><strong><em>V roce 2024 jsem dokon\u010dila jeden z nejkomplexn\u011bj\u0161\u00edch v\u00fdcvik\u016f &#8211; ro\u010dn\u00ed v\u00fdcvik tantrick\u00fdch mas\u00e1\u017e\u00ed<\/em><\/strong>, kter\u00fd vedla skv\u011bl\u00e1 u\u010ditelka Jenni Joy z Velk\u00e9 Brit\u00e1nie spolu s Honzou Komedou ze \u0161koly Um\u011bn\u00ed milov\u00e1n\u00ed. Tomu p\u0159edch\u00e1zely tantrick\u00e9 workshopy na t\u00e9ma transformace st\u00edn\u016f nebo t\u0159eba dal\u0161\u00ed t\u00fddenn\u00ed mas\u00e1\u017en\u00ed letn\u00ed \u0161kola.<\/p>\n\n\n\n<p>Krom\u011b respektu ke sv\u00e9mu t\u011blu <strong><em>jsem se nau\u010dila i respektu ke sv\u00fdm pocit\u016fm, emoc\u00edm a to v\u0161e mi p\u0159in\u00e1\u0161\u00ed velk\u00fd pocit vd\u011b\u010dnosti do m\u00e9ho \u017eivota<\/em><\/strong>. A proto\u017ee jsem \u0161\u0165astn\u00e1 za v\u0161e, co mi tantra a jej\u00ed pozn\u00e1n\u00ed do \u017eivota p\u0159ineslo (nebo naopak odneslo), stala jsem se tantrickou mas\u00e9rkou. Mimo tantrick\u00e9 mas\u00e1\u017ee mi do\u0161lo, jakou moc m\u00e1 p\u0159\u00edtomn\u00fd dotek, terapeutick\u00fd p\u0159\u00edstup a pr\u00e1ce s t\u011blem jako celkem v kontextu du\u0161e, proto jsem se vydala i touto cestou somatick\u00fdch a terapeutick\u00fdch celot\u011blov\u00fdch mas\u00e1\u017e\u00ed. <strong>M\u00e9 mas\u00e1\u017ee le\u017e\u00ed na cest\u011b za svobodou, sebep\u0159ijet\u00edm, radost\u00ed, pokorou, soucitem, l\u00e1skou i bohat\u00fdm pro\u017e\u00edv\u00e1n\u00edm sv\u00e9ho t\u011bla a velk\u00e9 radosti ze \u017eivota.<\/strong><\/p>\n\n\n\n<p><\/p>\n<\/div>\n<\/div>\n\n\n\n<p><em>O sv\u00e9m \u017eivot\u011b aktu\u00e1ln\u011b p\u00ed\u0161u knihu. Jak jsem se b\u011bhem p\u00e1r let prom\u011bnila z hodn\u00e9 holky, super\u017eeny &#8222;zvl\u00e1dnu v\u0161e a sama&#8220; usiluj\u00edc\u00ed o titul dobr\u00e9 dcery (marn\u011b), kter\u00e1 si nedok\u00e1zala p\u0159edstavit \u017eivot v byt\u011b, a\u017e k pra\u017eand\u011b z bytu, kter\u00e1 nakupuje konven\u010dn\u00ed zeleninu (d\u0159\u00edve nemo\u017en\u00e9) a d\u011bl\u00e1 si kone\u010dn\u011b co chce. O kouzlu p\u0159ijet\u00ed \u017eivota a jeho prom\u011bn. O tom, \u017ee \u0161t\u011bst\u00ed je tam, kde je na\u0161e pravda. Je to takov\u00fd COMMING SOON (ale na internetu p\u00ed\u0161ou, \u017ee 80% lid\u00ed nikdy nedokon\u010d\u00ed svou knihu, tak\u017ee chci m\u00edt alibi, kdyby to t\u0159eba nedopadlo:)))<\/em><\/p>\n","protected":false},"excerpt":{"rendered":"<p>Kdo jsem, co m\u011b formovalo, co nab\u00edz\u00edm. Bez kli\u0161\u00e9, ale srdcem. \u017dila jsem \u017eivot, jak\u00fd jsem \u201em\u011bla\u201c. A pak ten, jak\u00fd mi d\u00e1v\u00e1 smysl.U\u010d\u00edm se nechat se v\u00e9st, m\u00edsto kontrolovat. A v tom doprov\u00e1z\u00edm i ostatn\u00ed.V\u011b\u0159\u00edm v dotek, kter\u00fd nen\u00ed technika, ale stav v\u011bdom\u00e9 p\u0159\u00edtomnosti.A taky v humor, nahotu, ticho, &hellip; <\/p>\n","protected":false},"author":1,"featured_media":0,"parent":0,"menu_order":0,"comment_status":"closed","ping_status":"closed","template":"","meta":{"footnotes":""},"class_list":["post-109","page","type-page","status-publish","hentry"],"_links":{"self":[{"href":"https:\/\/www.slehkosti.cz\/index.php?rest_route=\/wp\/v2\/pages\/109","targetHints":{"allow":["GET"]}}],"collection":[{"href":"https:\/\/www.slehkosti.cz\/index.php?rest_route=\/wp\/v2\/pages"}],"about":[{"href":"https:\/\/www.slehkosti.cz\/index.php?rest_route=\/wp\/v2\/types\/page"}],"author":[{"embeddable":true,"href":"https:\/\/www.slehkosti.cz\/index.php?rest_route=\/wp\/v2\/users\/1"}],"replies":[{"embeddable":true,"href":"https:\/\/www.slehkosti.cz\/index.php?rest_route=%2Fwp%2Fv2%2Fcomments&post=109"}],"version-history":[{"count":22,"href":"https:\/\/www.slehkosti.cz\/index.php?rest_route=\/wp\/v2\/pages\/109\/revisions"}],"predecessor-version":[{"id":315,"href":"https:\/\/www.slehkosti.cz\/index.php?rest_route=\/wp\/v2\/pages\/109\/revisions\/315"}],"wp:attachment":[{"href":"https:\/\/www.slehkosti.cz\/index.php?rest_route=%2Fwp%2Fv2%2Fmedia&parent=109"}],"curies":[{"name":"wp","href":"https:\/\/api.w.org\/{rel}","templated":true}]}}